{"id":13878,"date":"2025-01-07T10:38:35","date_gmt":"2025-01-07T10:38:35","guid":{"rendered":"https:\/\/viasabadell.es\/?page_id=13878"},"modified":"2025-11-10T12:10:29","modified_gmt":"2025-11-10T12:10:29","slug":"eggo-sabadell","status":"publish","type":"page","link":"https:\/\/viasabadell.es\/ca\/plano-del-centro\/decoracio\/eggo-sabadell\/","title":{"rendered":"\u00c8ggo a Sabadell"},"content":{"rendered":"<style type=\"text\/css\"> \n#cmsmasters_row_69f5fe7e0a15a5_25773025 .cmsmasters_row_outer_parent { \n\tpadding-top: 30px; \n} \n\n#cmsmasters_row_69f5fe7e0a15a5_25773025 .cmsmasters_row_outer_parent { \n\tpadding-bottom: 70px; \n} \n\n \n#cmsmasters_row_69f5fe7e0a7983_67615946 .cmsmasters_row_outer_parent { \n\tpadding-top: 30px; \n} \n\n#cmsmasters_row_69f5fe7e0a7983_67615946 .cmsmasters_row_outer_parent { \n\tpadding-bottom: 15px; \n} \n\n \n#cmsmasters_row_69f5fe7e0aa965_58979174 .cmsmasters_row_outer_parent { \n\tpadding-top: 0px; \n} \n\n#cmsmasters_row_69f5fe7e0aa965_58979174 .cmsmasters_row_outer_parent { \n\tpadding-bottom: 80px; \n} \n\n \n#cmsmasters_icon_box_69f5fe7e0afbd8_20182165 { \n\tborder-width:0px; \n} \n\n#cmsmasters_icon_box_69f5fe7e0afbd8_20182165:before, \n#cmsmasters_icon_box_69f5fe7e0afbd8_20182165 .icon_box_heading:before { \n\tfont-size:0px; \n\tline-height:205px; \n\twidth:205px; \n\theight:205px; \n\tborder-width:0px; \n} \n\n#cmsmasters_icon_box_69f5fe7e0afbd8_20182165 { \n\tpadding-top:235px; } \n\n#cmsmasters_icon_box_69f5fe7e0afbd8_20182165:before, \n#cmsmasters_icon_box_69f5fe7e0afbd8_20182165 .icon_box_heading:before { \n\tmargin-left:-102.5px; \n\t} \n\n#cmsmasters_icon_box_69f5fe7e0afbd8_20182165.cmsmasters_icon_top { \n\tpadding-top:265px; \n\t} \n\n#cmsmasters_icon_box_69f5fe7e0afbd8_20182165:before { \n\tbackground-image:url(https:\/\/viasabadell.es\/wp-content\/uploads\/2021\/04\/Nuevo-Logo-eggo-Kitchen-House.png); \n} \n \n#cmsmasters_heading_69f5fe7e0b7498_22374585 { \n\ttext-align:center; \n\tmargin-top:10px; \n\tmargin-bottom:10px; \n} \n\n#cmsmasters_heading_69f5fe7e0b7498_22374585 .cmsmasters_heading { \n\ttext-align:center; \n\tmargin-left:1em; \n\tmargin-right:1em; \n} \n\n#cmsmasters_heading_69f5fe7e0b7498_22374585 .cmsmasters_heading, #cmsmasters_heading_69f5fe7e0b7498_22374585 .cmsmasters_heading a { \n\tfont-weight:600; \n\tfont-style:normal; \n} \n\n#cmsmasters_heading_69f5fe7e0b7498_22374585 .cmsmasters_heading_divider { \n\tborder-bottom-width:1px; \n\tborder-bottom-style:solid; \n\tborder-bottom-color:#e4e4e4;\n\tmargin-top:-1px; \n} \n\n<\/style><div id=\"cmsmasters_row_69f5fe7e0a15a5_25773025\" class=\"cmsmasters_row cmsmasters_color_scheme_default cmsmasters_row_top_default cmsmasters_row_bot_default cmsmasters_row_boxed\">\n<div class=\"cmsmasters_row_outer_parent\">\n<div class=\"cmsmasters_row_outer\">\n<div class=\"cmsmasters_row_inner\">\n<div class=\"cmsmasters_row_margin\">\n<div class=\"cmsmasters_column one_first\">\n<div class=\"cmsmasters_text\">\n<p><\/p>\n<\/div>\n<\/div>\n<\/div>\n<\/div>\n<\/div>\n<\/div>\n<\/div>\n<div id=\"cmsmasters_row_69f5fe7e0a7983_67615946\" class=\"cmsmasters_row cmsmasters_color_scheme_default cmsmasters_row_top_default cmsmasters_row_bot_default cmsmasters_row_boxed\">\n<div class=\"cmsmasters_row_outer_parent\">\n<div class=\"cmsmasters_row_outer\">\n<div class=\"cmsmasters_row_inner\">\n<div class=\"cmsmasters_row_margin\">\n<div class=\"cmsmasters_column one_first\">\n<div class=\"cmsmasters_text\">\n<h1 style=\"text-align: center;\"><span style=\"font-size: 24pt; line-height: 32pt; font-weight: bold;\">\u00c8ggo <span style=\"font-weight: 100;\">a Sabadell<\/span><\/span><\/h1>\n<\/div>\n<div class=\"cmsmasters_text\">\n<p data-pm-slice=\"1 1 &#091;&#093;\">A <strong>Via Sabadell<\/strong>, el centre comercial de refer\u00e8ncia a la ciutat, trobes <strong>\u00c8ggo<\/strong>, la botiga especialitzada en cuines a mida. Amb dissenys moderns i funcionals, materials de primera qualitat i un servei personalitzat, \u00c8ggo transforma la teva cuina en l&#8217;espai ideal per al teu dia a dia.<\/p>\n<\/div>\n<\/div>\n<\/div>\n<\/div>\n<\/div>\n<\/div>\n<\/div>\n<div id=\"cmsmasters_row_69f5fe7e0aa965_58979174\" class=\"cmsmasters_row cmsmasters_color_scheme_default cmsmasters_row_top_default cmsmasters_row_bot_default cmsmasters_row_boxed\">\n<div class=\"cmsmasters_row_outer_parent\">\n<div class=\"cmsmasters_row_outer\">\n<div class=\"cmsmasters_row_inner\">\n<div class=\"cmsmasters_row_margin\">\n<div class=\"cmsmasters_column one_first logo caixa2\">\n\n<div id=\"cmsmasters_icon_box_69f5fe7e0afbd8_20182165\" class=\"cmsmasters_icon_box cmsmasters_icon_top box_icon_type_image \">\n<div class=\"icon_box_inner\">\n<h2 class=\"icon_box_heading\">\u00e8ggo<\/h2>\n<div class=\"icon_box_text\">\n<p style=\"text-align: justify;\">\u00e8ggo \u00e9s una cadena internacional de grans botigues especialistes en mobles de cuina. Botigues en qu\u00e8 viur\u00e0s una experi\u00e8ncia d&#8217;atenci\u00f3 personalitzada diferent i participativa, en qu\u00e8 com a client tens un paper actiu, sempre acompanyat d&#8217;un especialista \u00e8ggo, en la definici\u00f3 de la que ser\u00e0 la teva nova cuina. <!-- p--><\/p>\n<\/div>\n<\/div>\n<\/div>\n\n<div id=\"cmsmasters_heading_69f5fe7e0b7498_22374585\" class=\"cmsmasters_heading_wrap cmsmasters_heading_align_center cmsmasters_heading_divider_long\">\n\t<span class=\"cmsmasters_heading_divider_left_wrap\"><span class=\"cmsmasters_heading_divider cmsmasters_heading_divider_left\"><\/span><\/span>\n<h3 class=\"cmsmasters_heading cmsmasters-icon-wallet-1\">INFORMACI\u00d3<\/h3>\n<span class=\"cmsmasters_heading_divider_right_wrap\"><span class=\"cmsmasters_heading_divider cmsmasters_heading_divider_right\"><\/span><\/span>\n<\/div><div class=\"cmsmasters_text\">\n<p style=\"text-align: center;\"><a href=\"https:\/\/www.eggo.es\/\" target=\"_blank\" rel=\"noopener\">P\u00c0GINA WEB<\/a><\/p>\n<\/div>\n<div class=\"cmsmasters_text\">\n<p style=\"text-align: center;\">TELF: <a href=\"tel:+34935950035\">93 595 00 35<\/a><\/p>\n<\/div>\n<div class=\"cmsmasters_text\">\n<h2 data-pm-slice=\"1 3 &#091;&#093;\">Horaris i Ubicaci\u00f3 de \u00c8ggo a Via Sabadell<\/h2>\n<p><strong>Adre\u00e7a:<\/strong> Via Sabadell, Planta Baixa &#8211; Local 18.<\/p>\n<p><strong>Horaris:<\/strong><\/p>\n<ul data-spread=\"false\">\n<li>De dilluns a dissabte: 10:00 a 22:00.<\/li>\n<li>Diumenges: Tancat.<\/li>\n<\/ul>\n<h2 data-pm-slice=\"1 1 &#091;&#093;\">Cat\u00e0leg i Serveis de \u00c8ggo Sabadell<\/h2>\n<p>A <strong>\u00c8ggo Via Sabadell<\/strong>, trobar\u00e0s tot el necessari per crear la cuina dels teus somnis:<\/p>\n<ul data-spread=\"false\">\n<li><strong>Disseny de cuines a mida<\/strong>: Solucions personalitzades que s&#8217;adapten al teu espai, estil i necessitats.<\/li>\n<li><strong>Mobles de cuina moderns<\/strong>: Amb acabats de qualitat i tecnologia innovadora.<\/li>\n<li><strong>Accessoris i equipaments<\/strong>: Electrodom\u00e8stics, aixetes i molt m\u00e9s per completar la teva cuina.<\/li>\n<\/ul>\n<p>Aprofita les promocions exclusives i els descomptes especials en productes i serveis.<\/p>\n<h2 data-pm-slice=\"1 3 &#091;&#093;\">Serveis Personalitzats de \u00c8ggo<\/h2>\n<p>A <strong>\u00c8ggo de Via Sabadell<\/strong>, no nom\u00e9s trobar\u00e0s productes d&#8217;alta qualitat, sin\u00f3 tamb\u00e9 serveis que fan de la teva experi\u00e8ncia de compra una cosa \u00fanica:<\/p>\n<ul data-spread=\"false\">\n<li><strong>Assessorament d&#8217;experts<\/strong>: Professionals que t&#8217;ajudaran a dissenyar la teva cuina ideal.<\/li>\n<li><strong>Projectes en 3D<\/strong>: Visualitza com quedar\u00e0 la teva cuina abans de fer realitat el projecte.<\/li>\n<li><strong>Instal\u00b7laci\u00f3 completa<\/strong>: Servei integral perqu\u00e8 no hagis de preocupar-te de res.<\/li>\n<li><strong>Garantia de qualitat<\/strong>: Materials i acabats duradors que asseguren una cuina funcional i est\u00e8tica.<\/li>\n<\/ul>\n<h2 data-pm-slice=\"1 3 &#091;&#093;\">Per Qu\u00e8 Triar \u00c8ggo a Via Sabadell<\/h2>\n<ul data-spread=\"false\">\n<li><strong>Disseny i innovaci\u00f3<\/strong>: Cuines modernes i funcionals adaptades a tu.<\/li>\n<li><strong>Varietat i flexibilitat<\/strong>: Opcions per a tots els gustos i pressupostos.<\/li>\n<li><strong>Atenci\u00f3 personalitzada<\/strong>: Servei proper i comprom\u00e8s amb els teus projectes.<\/li>\n<li><strong>Facilitats d&#8217;acc\u00e9s<\/strong>: Ubicaci\u00f3 en un centre comercial amb p\u00e0rquing gratu\u00eft.<\/li>\n<\/ul>\n<\/div>\n<\/div>\n<\/div>\n<\/div>\n<\/div>\n<\/div>\n<\/div>\n\n","protected":false},"excerpt":{"rendered":"","protected":false},"author":4,"featured_media":0,"parent":10348,"menu_order":0,"comment_status":"closed","ping_status":"closed","template":"","meta":{"footnotes":""},"class_list":["post-13878","page","type-page","status-publish","hentry"],"_links":{"self":[{"href":"https:\/\/viasabadell.es\/ca\/wp-json\/wp\/v2\/pages\/13878","targetHints":{"allow":["GET"]}}],"collection":[{"href":"https:\/\/viasabadell.es\/ca\/wp-json\/wp\/v2\/pages"}],"about":[{"href":"https:\/\/viasabadell.es\/ca\/wp-json\/wp\/v2\/types\/page"}],"author":[{"embeddable":true,"href":"https:\/\/viasabadell.es\/ca\/wp-json\/wp\/v2\/users\/4"}],"replies":[{"embeddable":true,"href":"https:\/\/viasabadell.es\/ca\/wp-json\/wp\/v2\/comments?post=13878"}],"version-history":[{"count":5,"href":"https:\/\/viasabadell.es\/ca\/wp-json\/wp\/v2\/pages\/13878\/revisions"}],"predecessor-version":[{"id":13884,"href":"https:\/\/viasabadell.es\/ca\/wp-json\/wp\/v2\/pages\/13878\/revisions\/13884"}],"up":[{"embeddable":true,"href":"https:\/\/viasabadell.es\/ca\/wp-json\/wp\/v2\/pages\/10348"}],"wp:attachment":[{"href":"https:\/\/viasabadell.es\/ca\/wp-json\/wp\/v2\/media?parent=13878"}],"curies":[{"name":"wp","href":"https:\/\/api.w.org\/{rel}","templated":true}]}}