{"id":13893,"date":"2025-01-07T11:48:00","date_gmt":"2025-01-07T11:48:00","guid":{"rendered":"https:\/\/viasabadell.es\/?page_id=13893"},"modified":"2025-11-10T12:25:30","modified_gmt":"2025-11-10T12:25:30","slug":"globix-sabadell","status":"publish","type":"page","link":"https:\/\/viasabadell.es\/ca\/plano-del-centro\/decoracio\/globix-sabadell\/","title":{"rendered":"Globix a Sabadell"},"content":{"rendered":"<style type=\"text\/css\"> \n#cmsmasters_row_69f5fe7de30f30_12259156 .cmsmasters_row_outer_parent { \n\tpadding-top: 30px; \n} \n\n#cmsmasters_row_69f5fe7de30f30_12259156 .cmsmasters_row_outer_parent { \n\tpadding-bottom: 70px; \n} \n\n \n#cmsmasters_row_69f5fe7de337d6_06197450 .cmsmasters_row_outer_parent { \n\tpadding-top: 30px; \n} \n\n#cmsmasters_row_69f5fe7de337d6_06197450 .cmsmasters_row_outer_parent { \n\tpadding-bottom: 15px; \n} \n\n \n#cmsmasters_row_69f5fe7de34980_37749343 .cmsmasters_row_outer_parent { \n\tpadding-top: 0px; \n} \n\n#cmsmasters_row_69f5fe7de34980_37749343 .cmsmasters_row_outer_parent { \n\tpadding-bottom: 80px; \n} \n\n \n#cmsmasters_icon_box_69f5fe7de36e22_29504459 { \n\tborder-width:0px; \n} \n\n#cmsmasters_icon_box_69f5fe7de36e22_29504459:before, \n#cmsmasters_icon_box_69f5fe7de36e22_29504459 .icon_box_heading:before { \n\tfont-size:0px; \n\tline-height:205px; \n\twidth:205px; \n\theight:205px; \n\tborder-width:0px; \n} \n\n#cmsmasters_icon_box_69f5fe7de36e22_29504459 { \n\tpadding-top:235px; } \n\n#cmsmasters_icon_box_69f5fe7de36e22_29504459:before, \n#cmsmasters_icon_box_69f5fe7de36e22_29504459 .icon_box_heading:before { \n\tmargin-left:-102.5px; \n\t} \n\n#cmsmasters_icon_box_69f5fe7de36e22_29504459.cmsmasters_icon_top { \n\tpadding-top:265px; \n\t} \n\n#cmsmasters_icon_box_69f5fe7de36e22_29504459:before { \n\tbackground-image:url(https:\/\/viasabadell.es\/wp-content\/uploads\/2020\/01\/globix-iluminacion-via-sabadell.png); \n} \n \n#cmsmasters_heading_69f5fe7de3be37_10860906 { \n\ttext-align:center; \n\tmargin-top:10px; \n\tmargin-bottom:10px; \n} \n\n#cmsmasters_heading_69f5fe7de3be37_10860906 .cmsmasters_heading { \n\ttext-align:center; \n\tmargin-left:1em; \n\tmargin-right:1em; \n} \n\n#cmsmasters_heading_69f5fe7de3be37_10860906 .cmsmasters_heading, #cmsmasters_heading_69f5fe7de3be37_10860906 .cmsmasters_heading a { \n\tfont-weight:600; \n\tfont-style:normal; \n} \n\n#cmsmasters_heading_69f5fe7de3be37_10860906 .cmsmasters_heading_divider { \n\tborder-bottom-width:1px; \n\tborder-bottom-style:solid; \n\tborder-bottom-color:#e4e4e4;\n\tmargin-top:-1px; \n} \n\n<\/style><div id=\"cmsmasters_row_69f5fe7de30f30_12259156\" class=\"cmsmasters_row cmsmasters_color_scheme_default cmsmasters_row_top_default cmsmasters_row_bot_default cmsmasters_row_boxed\">\n<div class=\"cmsmasters_row_outer_parent\">\n<div class=\"cmsmasters_row_outer\">\n<div class=\"cmsmasters_row_inner\">\n<div class=\"cmsmasters_row_margin\">\n<div class=\"cmsmasters_column one_first\">\n<div class=\"cmsmasters_text\">\n<p><\/p>\n<\/div>\n<\/div>\n<\/div>\n<\/div>\n<\/div>\n<\/div>\n<\/div>\n<div id=\"cmsmasters_row_69f5fe7de337d6_06197450\" class=\"cmsmasters_row cmsmasters_color_scheme_default cmsmasters_row_top_default cmsmasters_row_bot_default cmsmasters_row_boxed\">\n<div class=\"cmsmasters_row_outer_parent\">\n<div class=\"cmsmasters_row_outer\">\n<div class=\"cmsmasters_row_inner\">\n<div class=\"cmsmasters_row_margin\">\n<div class=\"cmsmasters_column one_first\">\n<div class=\"cmsmasters_text\">\n<h1 style=\"text-align: center;\"><span style=\"font-size: 24pt; line-height: 32pt; font-weight: bold;\">Globix <span style=\"font-weight: 100;\">a Sabadell<\/span><\/span><\/h1>\n<\/div>\n<div class=\"cmsmasters_text\">\n<p data-pm-slice=\"1 1 &#091;&#093;\">A <strong>Via Sabadell<\/strong>, el centre comercial de refer\u00e8ncia a la ciutat, trobes <strong>Globix<\/strong>, la teva botiga de confian\u00e7a per a serveis de missatgeria, enviaments internacionals i solucions log\u00edstiques. Amb un servei r\u00e0pid i segur, Globix et facilita totes les teves necessitats d&#8217;enviament.<\/p>\n<\/div>\n<\/div>\n<\/div>\n<\/div>\n<\/div>\n<\/div>\n<\/div>\n<div id=\"cmsmasters_row_69f5fe7de34980_37749343\" class=\"cmsmasters_row cmsmasters_color_scheme_default cmsmasters_row_top_default cmsmasters_row_bot_default cmsmasters_row_boxed\">\n<div class=\"cmsmasters_row_outer_parent\">\n<div class=\"cmsmasters_row_outer\">\n<div class=\"cmsmasters_row_inner\">\n<div class=\"cmsmasters_row_margin\">\n<div class=\"cmsmasters_column one_first logo caixa2\">\n\n<div id=\"cmsmasters_icon_box_69f5fe7de36e22_29504459\" class=\"cmsmasters_icon_box cmsmasters_icon_top box_icon_type_image \">\n<div class=\"icon_box_inner\">\n<h2 class=\"icon_box_heading\">Globix<\/h2>\n<div class=\"icon_box_text\">\n<p style=\"text-align: justify;\">A m\u00e9s de comptar amb productes propis, Globix t\u00e9 el suport de grans marques i una infinitat de cat\u00e0legs per satisfer les necessitats de qualsevol persona a un preu assequible. Tant si necessites il\u00b7luminar la teva llar, com la teva empresa, t&#8217;aconsellen de manera experta sense cap tipus de comprom\u00eds.<\/p>\n<\/div>\n<\/div>\n<\/div>\n\n<div id=\"cmsmasters_heading_69f5fe7de3be37_10860906\" class=\"cmsmasters_heading_wrap cmsmasters_heading_align_center cmsmasters_heading_divider_long\">\n\t<span class=\"cmsmasters_heading_divider_left_wrap\"><span class=\"cmsmasters_heading_divider cmsmasters_heading_divider_left\"><\/span><\/span>\n<h3 class=\"cmsmasters_heading cmsmasters-icon-wallet-1\">INFORMACI\u00d3<\/h3>\n<span class=\"cmsmasters_heading_divider_right_wrap\"><span class=\"cmsmasters_heading_divider cmsmasters_heading_divider_right\"><\/span><\/span>\n<\/div><div class=\"cmsmasters_text\">\n<p style=\"text-align: center;\"><a href=\"https:\/\/www.globix.es\/\" target=\"_blank\" rel=\"noopener\">P\u00c0GINA WEB<\/a><\/p>\n<\/div>\n<div class=\"cmsmasters_text\">\n<p style=\"text-align: center;\">TELF: <a href=\"tel:+34935769551\">93 576 95 51<\/a><\/p>\n<\/div>\n<div class=\"cmsmasters_text\">\n<h2 data-pm-slice=\"1 3 &#091;&#093;\">Horaris i Ubicaci\u00f3 de Globix a Via Sabadell<\/h2>\n<p><strong>Adre\u00e7a:<\/strong> Via Sabadell, Planta Baixa &#8211; Local 25.<\/p>\n<p><strong>Horaris:<\/strong><\/p>\n<ul data-spread=\"false\">\n<li>De dilluns a dissabte: 10:00 a 22:00.<\/li>\n<li>Diumenges: Tancat.<\/li>\n<\/ul>\n<h2 data-pm-slice=\"1 1 &#091;&#093;\">Serveis de Globix Sabadell<\/h2>\n<p>A <strong>Globix de Via Sabadell<\/strong>, tens a la teva disposici\u00f3 una \u00e0mplia gamma de serveis per cobrir totes les teves necessitats log\u00edstiques:<\/p>\n<ul data-spread=\"false\">\n<li><strong>Enviaments nacionals i internacionals<\/strong>: Solucions r\u00e0pides i segures per fer arribar els teus paquets on sigui.<\/li>\n<li><strong>Embalatge professional<\/strong>: Materials d&#8217;alta qualitat per garantir la protecci\u00f3 de les teves mercaderies.<\/li>\n<li><strong>Punt de recollida i lliurament<\/strong>: Una opci\u00f3 c\u00f2moda per gestionar els teus enviaments.<\/li>\n<li><strong>Solucions personalitzades<\/strong>: Adaptades a empreses i particulars.<\/li>\n<\/ul>\n<p>Aprofita les tarifes competitives i la professionalitat del nostre equip per garantir la m\u00e0xima satisfacci\u00f3 en els teus enviaments.<\/p>\n<h2 data-pm-slice=\"1 3 &#091;&#093;\">Per Qu\u00e8 Triar Globix a Via Sabadell<\/h2>\n<ul data-spread=\"false\">\n<li><strong>Rapidesa i seguretat<\/strong>: Garantim que els teus enviaments arribin a temps i en perfecte estat.<\/li>\n<li><strong>Varietat de serveis<\/strong>: Cobrim totes les teves necessitats de missatgeria i log\u00edstica.<\/li>\n<li><strong>Facilitats d&#8217;acc\u00e9s<\/strong>: Estem ubicats en un centre comercial amb p\u00e0rquing gratu\u00eft.<\/li>\n<li><strong>Atenci\u00f3 personalitzada<\/strong>: Un equip d&#8217;experts a la teva disposici\u00f3.<\/li>\n<\/ul>\n<\/div>\n<\/div>\n<\/div>\n<\/div>\n<\/div>\n<\/div>\n<\/div>\n\n","protected":false},"excerpt":{"rendered":"","protected":false},"author":4,"featured_media":0,"parent":10348,"menu_order":0,"comment_status":"closed","ping_status":"closed","template":"","meta":{"footnotes":""},"class_list":["post-13893","page","type-page","status-publish","hentry"],"_links":{"self":[{"href":"https:\/\/viasabadell.es\/ca\/wp-json\/wp\/v2\/pages\/13893","targetHints":{"allow":["GET"]}}],"collection":[{"href":"https:\/\/viasabadell.es\/ca\/wp-json\/wp\/v2\/pages"}],"about":[{"href":"https:\/\/viasabadell.es\/ca\/wp-json\/wp\/v2\/types\/page"}],"author":[{"embeddable":true,"href":"https:\/\/viasabadell.es\/ca\/wp-json\/wp\/v2\/users\/4"}],"replies":[{"embeddable":true,"href":"https:\/\/viasabadell.es\/ca\/wp-json\/wp\/v2\/comments?post=13893"}],"version-history":[{"count":6,"href":"https:\/\/viasabadell.es\/ca\/wp-json\/wp\/v2\/pages\/13893\/revisions"}],"predecessor-version":[{"id":13900,"href":"https:\/\/viasabadell.es\/ca\/wp-json\/wp\/v2\/pages\/13893\/revisions\/13900"}],"up":[{"embeddable":true,"href":"https:\/\/viasabadell.es\/ca\/wp-json\/wp\/v2\/pages\/10348"}],"wp:attachment":[{"href":"https:\/\/viasabadell.es\/ca\/wp-json\/wp\/v2\/media?parent=13893"}],"curies":[{"name":"wp","href":"https:\/\/api.w.org\/{rel}","templated":true}]}}