{"id":13974,"date":"2025-02-12T09:36:42","date_gmt":"2025-02-12T09:36:42","guid":{"rendered":"https:\/\/viasabadell.es\/ca\/?page_id=13974"},"modified":"2025-11-10T11:56:22","modified_gmt":"2025-11-10T11:56:22","slug":"banak-a-sabadell","status":"publish","type":"page","link":"https:\/\/viasabadell.es\/ca\/plano-del-centro\/decoracio\/banak-a-sabadell\/","title":{"rendered":"Banak a Sabadell"},"content":{"rendered":"<style type=\"text\/css\"> \n#cmsmasters_row_69f5f9eae0fda3_69480917 .cmsmasters_row_outer_parent { \n\tpadding-top: 30px; \n} \n\n#cmsmasters_row_69f5f9eae0fda3_69480917 .cmsmasters_row_outer_parent { \n\tpadding-bottom: 70px; \n} \n\n \n#cmsmasters_row_69f5f9eae10bd5_97216900 .cmsmasters_row_outer_parent { \n\tpadding-top: 30px; \n} \n\n#cmsmasters_row_69f5f9eae10bd5_97216900 .cmsmasters_row_outer_parent { \n\tpadding-bottom: 15px; \n} \n\n \n#cmsmasters_row_69f5f9eae11fd0_30532669 .cmsmasters_row_outer_parent { \n\tpadding-top: 0px; \n} \n\n#cmsmasters_row_69f5f9eae11fd0_30532669 .cmsmasters_row_outer_parent { \n\tpadding-bottom: 80px; \n} \n\n \n#cmsmasters_icon_box_69f5f9eae14811_07535380 { \n\tborder-width:0px; \n} \n\n#cmsmasters_icon_box_69f5f9eae14811_07535380:before, \n#cmsmasters_icon_box_69f5f9eae14811_07535380 .icon_box_heading:before { \n\tfont-size:0px; \n\tline-height:205px; \n\twidth:205px; \n\theight:205px; \n\tborder-width:0px; \n} \n\n#cmsmasters_icon_box_69f5f9eae14811_07535380 { \n\tpadding-top:235px; } \n\n#cmsmasters_icon_box_69f5f9eae14811_07535380:before, \n#cmsmasters_icon_box_69f5f9eae14811_07535380 .icon_box_heading:before { \n\tmargin-left:-102.5px; \n\t} \n\n#cmsmasters_icon_box_69f5f9eae14811_07535380.cmsmasters_icon_top { \n\tpadding-top:265px; \n\t} \n\n#cmsmasters_icon_box_69f5f9eae14811_07535380:before { \n\tbackground-image:url(https:\/\/viasabadell.es\/wp-content\/uploads\/2024\/07\/WhatsApp-Image-2022-05-04-at-15.36.51-1.webp); \n} \n \n#cmsmasters_heading_69f5f9eae19216_25514143 { \n\ttext-align:center; \n\tmargin-top:10px; \n\tmargin-bottom:10px; \n} \n\n#cmsmasters_heading_69f5f9eae19216_25514143 .cmsmasters_heading { \n\ttext-align:center; \n\tmargin-left:1em; \n\tmargin-right:1em; \n} \n\n#cmsmasters_heading_69f5f9eae19216_25514143 .cmsmasters_heading, #cmsmasters_heading_69f5f9eae19216_25514143 .cmsmasters_heading a { \n\tfont-weight:600; \n\tfont-style:normal; \n} \n\n#cmsmasters_heading_69f5f9eae19216_25514143 .cmsmasters_heading_divider { \n\tborder-bottom-width:1px; \n\tborder-bottom-style:solid; \n\tborder-bottom-color:#e4e4e4;\n\tmargin-top:-1px; \n} \n\n<\/style><div id=\"cmsmasters_row_69f5f9eae0fda3_69480917\" class=\"cmsmasters_row cmsmasters_color_scheme_default cmsmasters_row_top_default cmsmasters_row_bot_default cmsmasters_row_boxed\">\n<div class=\"cmsmasters_row_outer_parent\">\n<div class=\"cmsmasters_row_outer\">\n<div class=\"cmsmasters_row_inner\">\n<div class=\"cmsmasters_row_margin\">\n<div class=\"cmsmasters_column one_first\">\n<div class=\"cmsmasters_text\">\n<p><\/p>\n<\/div>\n<\/div>\n<\/div>\n<\/div>\n<\/div>\n<\/div>\n<\/div>\n<div id=\"cmsmasters_row_69f5f9eae10bd5_97216900\" class=\"cmsmasters_row cmsmasters_color_scheme_default cmsmasters_row_top_default cmsmasters_row_bot_default cmsmasters_row_boxed\">\n<div class=\"cmsmasters_row_outer_parent\">\n<div class=\"cmsmasters_row_outer\">\n<div class=\"cmsmasters_row_inner\">\n<div class=\"cmsmasters_row_margin\">\n<div class=\"cmsmasters_column one_first\">\n<div class=\"cmsmasters_text\">\n<h1 style=\"text-align: center;\"><span style=\"font-size: 24pt; line-height: 32pt; font-weight: bold;\">Banak <span style=\"font-weight: 100;\">a Sabadell<\/span><\/span><\/h1>\n<\/div>\n<div class=\"cmsmasters_text\">\n<p data-pm-slice=\"1 1 &#091;&#093;\"><strong>Descobreix l&#8217;ess\u00e8ncia de Banak Sabadell<\/strong>. Si est\u00e0s buscant mobles i decoraci\u00f3 d&#8217;inspiraci\u00f3 natural, sostenibles i amb un disseny exclusiu, a la nostra botiga trobar\u00e0s tot el que necessites per crear espais c\u00e0lids i acollidors. Visita&#8217;ns a Sabadell i transforma la teva llar amb l&#8217;estil \u00fanic de Banak.<\/p>\n<\/div>\n<\/div>\n<\/div>\n<\/div>\n<\/div>\n<\/div>\n<\/div>\n<div id=\"cmsmasters_row_69f5f9eae11fd0_30532669\" class=\"cmsmasters_row cmsmasters_color_scheme_default cmsmasters_row_top_default cmsmasters_row_bot_default cmsmasters_row_boxed\">\n<div class=\"cmsmasters_row_outer_parent\">\n<div class=\"cmsmasters_row_outer\">\n<div class=\"cmsmasters_row_inner\">\n<div class=\"cmsmasters_row_margin\">\n<div class=\"cmsmasters_column one_first logo caixa2\">\n\n<div id=\"cmsmasters_icon_box_69f5f9eae14811_07535380\" class=\"cmsmasters_icon_box cmsmasters_icon_top box_icon_type_image \">\n<div class=\"icon_box_inner\">\n<h2 class=\"icon_box_heading\">Banak Sabadell: Natura i Disseny per a la Teva Llar<\/h2>\n<div class=\"icon_box_text\">\n<p><\/p>\n<\/div>\n<\/div>\n<\/div>\n\n<div id=\"cmsmasters_heading_69f5f9eae19216_25514143\" class=\"cmsmasters_heading_wrap cmsmasters_heading_align_center cmsmasters_heading_divider_long\">\n\t<span class=\"cmsmasters_heading_divider_left_wrap\"><span class=\"cmsmasters_heading_divider cmsmasters_heading_divider_left\"><\/span><\/span>\n<h3 class=\"cmsmasters_heading cmsmasters-icon-wallet-1\">INFORMACI\u00d3<\/h3>\n<span class=\"cmsmasters_heading_divider_right_wrap\"><span class=\"cmsmasters_heading_divider cmsmasters_heading_divider_right\"><\/span><\/span>\n<\/div><div class=\"cmsmasters_text\">\n<p style=\"text-align: center;\"><a href=\"https:\/\/www.banak.de\/\" target=\"_blank\" rel=\"noopener\">P\u00c0GINA WEB<\/a><\/p>\n<\/div>\n<div class=\"cmsmasters_text\">\n<p style=\"text-align: center;\">TELF: \u00a0<a href=\"tel:+34651012914\">651012914<\/a><\/p>\n<\/div>\n<div class=\"cmsmasters_text\">\n<h3 data-pm-slice=\"1 1 &#091;&#093;\">Per qu\u00e8 triar Banak Sabadell?<\/h3>\n<p>A <strong>Banak Sabadell<\/strong> ens especialitzem en oferir mobles fabricats amb materials naturals i sostenibles, que aporten calidesa i harmonia a qualsevol espai. El nostre ampli cat\u00e0leg inclou:<\/p>\n<ul data-spread=\"false\">\n<li><strong>Mobles de sal\u00f3 i menjador<\/strong> amb fustes naturals i acabats org\u00e0nics.<\/li>\n<li><strong>Dormitoris acollidors<\/strong> amb dissenys funcionals i minimalistes.<\/li>\n<li><strong>Solucions d&#8217;emmagatzematge<\/strong> pr\u00e0ctiques i est\u00e8tiques.<\/li>\n<li><strong>Decoraci\u00f3 eco-friendly<\/strong> amb elements naturals i sostenibles.<\/li>\n<li><strong>Mobles per a exteriors<\/strong> ideals per gaudir del teu espai a l&#8217;aire lliure.<\/li>\n<\/ul>\n<p>El nostre equip d&#8217;assessors t&#8217;ajudar\u00e0 a trobar les millors opcions segons el teu estil i necessitats.<\/p>\n<h3>Serveis i Avantatges de Banak Sabadell<\/h3>\n<ul data-spread=\"false\">\n<li><strong>Assessorament en decoraci\u00f3 i interiorisme<\/strong>: Experts que t&#8217;ajudaran a crear espais \u00fanics i personalitzats.<\/li>\n<li><strong>Projectes a mida<\/strong>: Adaptats a les dimensions i estil de casa teva.<\/li>\n<li><strong>Servei de lliurament i muntatge<\/strong>: Perqu\u00e8 no t&#8217;hagis de preocupar de res.<\/li>\n<li><strong>Comprom\u00eds amb la sostenibilitat<\/strong>: Productes respectuosos amb el medi ambient.<\/li>\n<li><strong>Promocions i ofertes exclusives<\/strong>: Descobreix descomptes especials a la nostra botiga.<\/li>\n<\/ul>\n<h3>On som?<\/h3>\n<p>Ens trobar\u00e0s al cor de <strong>Sabadell<\/strong>, amb f\u00e0cil acc\u00e9s i aparcament proper. Vine a visitar-nos i deixa&#8217;t inspirar per la bellesa dels materials naturals.<\/p>\n<h3>Dona vida a la teva llar amb Banak Sabadell<\/h3>\n<p>No esperis m\u00e9s per transformar la teva llar en un espai ple de naturalesa i confort. <strong>Visita&#8217;ns a Banak Sabadell<\/strong>, descobreix la nostra col\u00b7lecci\u00f3 i fes realitat la casa dels teus somnis.<\/p>\n<\/div>\n<\/div>\n<\/div>\n<\/div>\n<\/div>\n<\/div>\n<\/div>\n\n","protected":false},"excerpt":{"rendered":"","protected":false},"author":4,"featured_media":0,"parent":10348,"menu_order":0,"comment_status":"closed","ping_status":"closed","template":"","meta":{"footnotes":""},"class_list":["post-13974","page","type-page","status-publish","hentry"],"_links":{"self":[{"href":"https:\/\/viasabadell.es\/ca\/wp-json\/wp\/v2\/pages\/13974","targetHints":{"allow":["GET"]}}],"collection":[{"href":"https:\/\/viasabadell.es\/ca\/wp-json\/wp\/v2\/pages"}],"about":[{"href":"https:\/\/viasabadell.es\/ca\/wp-json\/wp\/v2\/types\/page"}],"author":[{"embeddable":true,"href":"https:\/\/viasabadell.es\/ca\/wp-json\/wp\/v2\/users\/4"}],"replies":[{"embeddable":true,"href":"https:\/\/viasabadell.es\/ca\/wp-json\/wp\/v2\/comments?post=13974"}],"version-history":[{"count":6,"href":"https:\/\/viasabadell.es\/ca\/wp-json\/wp\/v2\/pages\/13974\/revisions"}],"predecessor-version":[{"id":13980,"href":"https:\/\/viasabadell.es\/ca\/wp-json\/wp\/v2\/pages\/13974\/revisions\/13980"}],"up":[{"embeddable":true,"href":"https:\/\/viasabadell.es\/ca\/wp-json\/wp\/v2\/pages\/10348"}],"wp:attachment":[{"href":"https:\/\/viasabadell.es\/ca\/wp-json\/wp\/v2\/media?parent=13974"}],"curies":[{"name":"wp","href":"https:\/\/api.w.org\/{rel}","templated":true}]}}