{"id":14026,"date":"2025-03-03T12:51:50","date_gmt":"2025-03-03T12:51:50","guid":{"rendered":"https:\/\/viasabadell.es\/ca\/?page_id=14026"},"modified":"2025-11-10T11:49:29","modified_gmt":"2025-11-10T11:49:29","slug":"tiendanimal-sabadell","status":"publish","type":"page","link":"https:\/\/viasabadell.es\/ca\/plano-del-centro\/animals\/tiendanimal-sabadell\/","title":{"rendered":"Tiendanimal a Sabadell"},"content":{"rendered":"<style type=\"text\/css\"> \n#cmsmasters_row_6a0a1953586d85_78078303 .cmsmasters_row_outer_parent { \n\tpadding-top: 30px; \n} \n\n#cmsmasters_row_6a0a1953586d85_78078303 .cmsmasters_row_outer_parent { \n\tpadding-bottom: 70px; \n} \n\n \n#cmsmasters_row_6a0a195358a676_80353173 .cmsmasters_row_outer_parent { \n\tpadding-top: 30px; \n} \n\n#cmsmasters_row_6a0a195358a676_80353173 .cmsmasters_row_outer_parent { \n\tpadding-bottom: 15px; \n} \n\n \n#cmsmasters_row_6a0a195358c036_71206963 .cmsmasters_row_outer_parent { \n\tpadding-top: 0px; \n} \n\n#cmsmasters_row_6a0a195358c036_71206963 .cmsmasters_row_outer_parent { \n\tpadding-bottom: 80px; \n} \n\n \n#cmsmasters_icon_box_6a0a195358e586_93151915 { \n\tborder-width:0px; \n} \n\n#cmsmasters_icon_box_6a0a195358e586_93151915:before, \n#cmsmasters_icon_box_6a0a195358e586_93151915 .icon_box_heading:before { \n\tfont-size:0px; \n\tline-height:205px; \n\twidth:205px; \n\theight:205px; \n\tborder-width:0px; \n} \n\n#cmsmasters_icon_box_6a0a195358e586_93151915 { \n\tpadding-top:235px; } \n\n#cmsmasters_icon_box_6a0a195358e586_93151915:before, \n#cmsmasters_icon_box_6a0a195358e586_93151915 .icon_box_heading:before { \n\tmargin-left:-102.5px; \n\t} \n\n#cmsmasters_icon_box_6a0a195358e586_93151915.cmsmasters_icon_top { \n\tpadding-top:265px; \n\t} \n\n#cmsmasters_icon_box_6a0a195358e586_93151915:before { \n\tbackground-image:url(https:\/\/viasabadell.es\/wp-content\/uploads\/2020\/01\/tienda-animal-via-sabadell.png); \n} \n \n#cmsmasters_heading_6a0a1953593099_76704632 { \n\ttext-align:center; \n\tmargin-top:10px; \n\tmargin-bottom:10px; \n} \n\n#cmsmasters_heading_6a0a1953593099_76704632 .cmsmasters_heading { \n\ttext-align:center; \n\tmargin-left:1em; \n\tmargin-right:1em; \n} \n\n#cmsmasters_heading_6a0a1953593099_76704632 .cmsmasters_heading, #cmsmasters_heading_6a0a1953593099_76704632 .cmsmasters_heading a { \n\tfont-weight:600; \n\tfont-style:normal; \n} \n\n#cmsmasters_heading_6a0a1953593099_76704632 .cmsmasters_heading_divider { \n\tborder-bottom-width:1px; \n\tborder-bottom-style:solid; \n\tborder-bottom-color:#e4e4e4;\n\tmargin-top:-1px; \n} \n\n<\/style><div id=\"cmsmasters_row_6a0a1953586d85_78078303\" class=\"cmsmasters_row cmsmasters_color_scheme_default cmsmasters_row_top_default cmsmasters_row_bot_default cmsmasters_row_boxed\">\n<div class=\"cmsmasters_row_outer_parent\">\n<div class=\"cmsmasters_row_outer\">\n<div class=\"cmsmasters_row_inner\">\n<div class=\"cmsmasters_row_margin\">\n<div class=\"cmsmasters_column one_first\">\n<div class=\"cmsmasters_text\">\n<p><\/p>\n<\/div>\n<\/div>\n<\/div>\n<\/div>\n<\/div>\n<\/div>\n<\/div>\n<div id=\"cmsmasters_row_6a0a195358a676_80353173\" class=\"cmsmasters_row cmsmasters_color_scheme_default cmsmasters_row_top_default cmsmasters_row_bot_default cmsmasters_row_boxed\">\n<div class=\"cmsmasters_row_outer_parent\">\n<div class=\"cmsmasters_row_outer\">\n<div class=\"cmsmasters_row_inner\">\n<div class=\"cmsmasters_row_margin\">\n<div class=\"cmsmasters_column one_first\">\n<div class=\"cmsmasters_text\">\n<h1 style=\"text-align: center;\"><span style=\"font-size: 24pt; line-height: 32pt; font-weight: bold;\">Tiendanimal <span style=\"font-weight: 100;\">a Sabadell<\/span><\/span><\/h1>\n<\/div>\n<div class=\"cmsmasters_text\">\n<p data-pm-slice=\"1 1 &#091;&#093;\">Si busques productes per a la cura de les teves mascotes a Sabadell,\u00a0Tiendanimal\u00a0\u00e9s la teva millor opci\u00f3. Aquesta botiga ofereix una gran varietat de productes per a gossos, gats, rosegadors, peixos i ocells. Troba alimentaci\u00f3, accessoris, higiene i tot el que necessites per al benestar de la teva mascota.<\/p>\n<\/div>\n<\/div>\n<\/div>\n<\/div>\n<\/div>\n<\/div>\n<\/div>\n<div id=\"cmsmasters_row_6a0a195358c036_71206963\" class=\"cmsmasters_row cmsmasters_color_scheme_default cmsmasters_row_top_default cmsmasters_row_bot_default cmsmasters_row_boxed\">\n<div class=\"cmsmasters_row_outer_parent\">\n<div class=\"cmsmasters_row_outer\">\n<div class=\"cmsmasters_row_inner\">\n<div class=\"cmsmasters_row_margin\">\n<div class=\"cmsmasters_column one_first logo caixa2\">\n\n<div id=\"cmsmasters_icon_box_6a0a195358e586_93151915\" class=\"cmsmasters_icon_box cmsmasters_icon_top box_icon_type_image \">\n<div class=\"icon_box_inner\">\n<h2 class=\"icon_box_heading\">Tiendanimal en Sabadell: Productos para Mascotas al Mejor Precio<\/h2>\n<div class=\"icon_box_text\">\n<p><\/p>\n<\/div>\n<\/div>\n<\/div>\n\n<div id=\"cmsmasters_heading_6a0a1953593099_76704632\" class=\"cmsmasters_heading_wrap cmsmasters_heading_align_center cmsmasters_heading_divider_long\">\n\t<span class=\"cmsmasters_heading_divider_left_wrap\"><span class=\"cmsmasters_heading_divider cmsmasters_heading_divider_left\"><\/span><\/span>\n<h3 class=\"cmsmasters_heading cmsmasters-icon-wallet-1\">INFORMACI\u00d3<\/h3>\n<span class=\"cmsmasters_heading_divider_right_wrap\"><span class=\"cmsmasters_heading_divider cmsmasters_heading_divider_right\"><\/span><\/span>\n<\/div><div class=\"cmsmasters_text\">\n<p style=\"text-align: center;\"><a href=\"https:\/\/www.tiendanimal.es\/\" target=\"_blank\" rel=\"noopener\">P\u00c0GINA WEB<\/a><\/p>\n<\/div>\n<div class=\"cmsmasters_text\">\n<p style=\"text-align: center;\">TELF: <a href=\"tel:+34936422369\" data-dtype=\"d3ph\" data-local-attribute=\"d3ph\" data-ved=\"2ahUKEwj09aHv2Jf1AhWKlGoFHUt6D7AQkAgoAHoECEsQAw\"><span aria-label=\"Truca al n\u00famero de tel\u00e8fon 936 39 57 19\">93 642 23 69<\/span><\/a><\/p>\n<\/div>\n<div class=\"cmsmasters_text\">\n<h2><strong>Productes i Serveis en\u00a0Tiendanimal\u00a0Sabadell<\/strong><\/h2>\n<p>En\u00a0Tiendanimal\u00a0Sabadell trobar\u00e0s un extens cat\u00e0leg de productes per a la teva mascota:<\/p>\n<p>Alimentaci\u00f3: Pinsos de qualitat, menjar humit, premis i snacks.<br \/>\nAccessoris: Llits, rascadors, joguines i\u00a0transportines.<br \/>\nHigiene i salut: Xamp\u00fas, antiparasitaris, productes de neteja.<br \/>\nServeis per a mascotes: Consulta veterin\u00e0ria, bany i perruqueria.<\/p>\n<h2><strong>Com arribar a\u00a0Tiendanimal\u00a0a Sabadell?<\/strong><\/h2>\n<p>Si desitges visitar la botiga, aqu\u00ed et deixem algunes opcions de transport:<\/p>\n<p>Amb cotxe: Aparcament disponible en el centre comercial.<\/p>\n<p>En transport p\u00fablic: Diverses l\u00ednies d&#8217;autob\u00fas et deixen prop de la botiga.<\/p>\n<\/div>\n<\/div>\n<\/div>\n<\/div>\n<\/div>\n<\/div>\n<\/div>\n\n","protected":false},"excerpt":{"rendered":"","protected":false},"author":4,"featured_media":0,"parent":10182,"menu_order":0,"comment_status":"closed","ping_status":"closed","template":"","meta":{"footnotes":""},"class_list":["post-14026","page","type-page","status-publish","hentry"],"_links":{"self":[{"href":"https:\/\/viasabadell.es\/ca\/wp-json\/wp\/v2\/pages\/14026","targetHints":{"allow":["GET"]}}],"collection":[{"href":"https:\/\/viasabadell.es\/ca\/wp-json\/wp\/v2\/pages"}],"about":[{"href":"https:\/\/viasabadell.es\/ca\/wp-json\/wp\/v2\/types\/page"}],"author":[{"embeddable":true,"href":"https:\/\/viasabadell.es\/ca\/wp-json\/wp\/v2\/users\/4"}],"replies":[{"embeddable":true,"href":"https:\/\/viasabadell.es\/ca\/wp-json\/wp\/v2\/comments?post=14026"}],"version-history":[{"count":6,"href":"https:\/\/viasabadell.es\/ca\/wp-json\/wp\/v2\/pages\/14026\/revisions"}],"predecessor-version":[{"id":14059,"href":"https:\/\/viasabadell.es\/ca\/wp-json\/wp\/v2\/pages\/14026\/revisions\/14059"}],"up":[{"embeddable":true,"href":"https:\/\/viasabadell.es\/ca\/wp-json\/wp\/v2\/pages\/10182"}],"wp:attachment":[{"href":"https:\/\/viasabadell.es\/ca\/wp-json\/wp\/v2\/media?parent=14026"}],"curies":[{"name":"wp","href":"https:\/\/api.w.org\/{rel}","templated":true}]}}