{"id":14262,"date":"2025-09-15T06:23:11","date_gmt":"2025-09-15T06:23:11","guid":{"rendered":"https:\/\/viasabadell.es\/?page_id=14262"},"modified":"2025-12-09T11:48:39","modified_gmt":"2025-12-09T11:48:39","slug":"bases-legales-del-sorteo-gana-un-colchon-aspen-de-maxcolchon","status":"publish","type":"page","link":"https:\/\/viasabadell.es\/ca\/bases-legales-del-sorteo-gana-un-colchon-aspen-de-maxcolchon\/","title":{"rendered":"Bases legales del sorteo &#8220;gana un colch\u00f3n Aspen de Maxcolchon&#8221;"},"content":{"rendered":"<style type=\"text\/css\"><\/style>\n<p>El sorteo \u201cgana un colch\u00f3n Aspen de Maxcolchon&#8221; es organizado por BRUNET PUBLICITAT S.L.U., con domicilio social en Sabadell, calle Sant Oleguer n\u00famero 77C y n\u00famero de identificaci\u00f3n fiscal NIF: B60973278.<br>La participaci\u00f3n en el sorteo est\u00e1 abierta a todas las personas mayores de 18 a\u00f1os y residentes en la pen\u00ednsula de Espa\u00f1a y Baleares. Quedan excluidos los residentes de Canarias, Ceuta y Melilla, los empleados de Via Sabadell y cualquier persona relacionada directamente con la organizaci\u00f3n del sorteo.<br>Mec\u00e1nica: Para participar en el sorteo, los participantes deben cumplir con los requisitos establecidos en la publicaci\u00f3n en la cuenta de Instagram de Via Sabadell:<br>\u25cf<br>Los participantes deben seguir a @viasabadellcc y @maxcolchon.es<br>\u25cf<br>Dar like a la publicaci\u00f3n del sorteo y mencionar una persona.<br>\u25cf<br>Compartir el post en sus stories y etiquetar @viasabadellcc para aumentar las posibilidades de ganar.<br>\u25cf<br>No hay l\u00edmite de participaci\u00f3n.<\/p>\n\n\n\n<p>POST IG:<br><\/p>\n\n\n\n<p>\u00bfQuieres ganar un colch\u00f3n Aspen de Maxcolchon? Participa en nuestro sorteo* <\/p>\n\n\n\n<p>Dale me gusta a esta publicaci\u00f3n. <\/p>\n\n\n\n<p>Sigue a @viasabadellcc y @maxcolchon.es <\/p>\n\n\n\n<p>Menciona a esa persona con la que compartir\u00edas tus mejores sue\u00f1os<br>\u2747\ufe0f Comparte este post en tus stories etiquet\u00e1ndonos y aumenta tus posibilidades de ganar<br>\u00a1El sorteo se cierra el lunes 29 de septiembre, a las 23.59 h! Anunciaremos la persona ganadora en los pr\u00f3ximos d\u00edas.<\/p>\n\n\n\n<p>El ganador podr\u00e1 elegir la medida del colch\u00f3n No incluida la retirada del antiguo colch\u00f3n Env\u00edos Pen\u00ednsula y Baleares (no incluye Canarias, Ceuta ni Melilla) \u00a1Buena suerte y buenas noches con Maxcolchon a todos!<\/p>\n\n\n\n<p><em>encuentra las Bases legales del sorteo haciendo clic en el link en la bio de nuestro perfil. Vols guanyar un matal\u00e0s Aspen de Maxcolchon? <\/em><\/p>\n\n\n\n<p><em>Participa en el nostre sorteig!<\/em><br>Dona m\u2019agrada a aquesta publicaci\u00f3. <\/p>\n\n\n\n<p>Segueix a @viasabadellcc i @maxcolchon.es <\/p>\n\n\n\n<p>Menciona aquella persona amb qui compartiries els teus millors somnis <\/p>\n\n\n\n<p>\u2747\ufe0f Comparteix aquesta publicaci\u00f3 a les teves stories etiquetat-nos i augmenta les teves possibilitats de guanyar.<br>El sorteig es tanca el dilluns 29 de setembre a les 23.59 h!<\/p>\n\n\n\n<p>Anunciarem la persona guanyadora els dies seg\u00fcents.<br>El guanyador podr\u00e0 triar la mida del matal\u00e0s No inclou la retirada del matal\u00e0s antic Enviaments nom\u00e9s a Pen\u00ednsula i Balears (no inclou Can\u00e0ries, Ceuta ni Melilla)<br><\/p>\n\n\n\n<p>Bona sort i bona nit amb Maxcolchon per a tothom!<br>*troba les Bases legals del sorteig fent clic al link a la bio del nostre perfil.<br><\/p>\n\n\n\n<p>El periodo de participaci\u00f3n en el sorteo comienza el d\u00eda de la publicaci\u00f3n en Instagram, el 15 de Septiembre de 2025, y finaliza el d\u00eda 29 de Septiembre de 2025.<br>El premio consiste en un (1) colch\u00f3n de la gama ASPEN en la medida sol\u00b7licitada por ganador del sorteo &#8220;gana un colch\u00f3n Aspen de Maxcolchon&#8221; durante el lanzamiento de la campa\u00f1a junto a BRUNET PUBLICITAT S.L.U., que tendr\u00e1 lugar el 15 de Septiembre de 2025. El premio es personal e intransferible.<br>El ganador\/a ser\u00e1 seleccionado de forma aleatoria entre todos los participantes que cumplan con los requisitos de participaci\u00f3n. La selecci\u00f3n se realizar\u00e1 mediante un proceso automatizado el d\u00eda 29 de Septiembre. El\/la ganador\/a ser\u00e1 anunciados en la cuenta de Instagram de @viasabadellcc y se les notificar\u00e1 a trav\u00e9s de un mensaje privado en Instagram para la recolecci\u00f3n de sus datos personales, si los mismos no responden despu\u00e9s de las 24 horas pasadas al comunicar el resultado, se proseguir\u00e1 a asignar un ganador suplente para reclamar el premio.<br>El\/la ganador\/a del premio deber\u00e1 presentar un documento de identificaci\u00f3n v\u00e1lido para reclamar su premio.<br>Los datos personales proporcionados por los participantes ser\u00e1n tratados de acuerdo con la pol\u00edtica de privacidad de BRUNET PUBLICITAT S.L.U. y ser\u00e1n utilizados \u00fanicamente para la gesti\u00f3n del sorteo y la entrega del premio.<br>La participaci\u00f3n en el sorteo implica la aceptaci\u00f3n de estas bases legales en su totalidad.<\/p>\n","protected":false},"excerpt":{"rendered":"<p>El sorteo \u201cgana un colch\u00f3n Aspen de Maxcolchon&#8221; es organizado por BRUNET PUBLICITAT S.L.U., con domicilio social en Sabadell, calle Sant Oleguer n\u00famero 77C y n\u00famero de identificaci\u00f3n fiscal NIF: B60973278.La participaci\u00f3n en el sorteo est\u00e1 abierta a todas las personas mayores de 18 a\u00f1os y residentes en la pen\u00ednsula de Espa\u00f1a y Baleares. Quedan&#8230;<\/p>\n","protected":false},"author":4,"featured_media":0,"parent":0,"menu_order":0,"comment_status":"closed","ping_status":"closed","template":"","meta":{"footnotes":""},"class_list":["post-14262","page","type-page","status-publish","hentry"],"_links":{"self":[{"href":"https:\/\/viasabadell.es\/ca\/wp-json\/wp\/v2\/pages\/14262","targetHints":{"allow":["GET"]}}],"collection":[{"href":"https:\/\/viasabadell.es\/ca\/wp-json\/wp\/v2\/pages"}],"about":[{"href":"https:\/\/viasabadell.es\/ca\/wp-json\/wp\/v2\/types\/page"}],"author":[{"embeddable":true,"href":"https:\/\/viasabadell.es\/ca\/wp-json\/wp\/v2\/users\/4"}],"replies":[{"embeddable":true,"href":"https:\/\/viasabadell.es\/ca\/wp-json\/wp\/v2\/comments?post=14262"}],"version-history":[{"count":3,"href":"https:\/\/viasabadell.es\/ca\/wp-json\/wp\/v2\/pages\/14262\/revisions"}],"predecessor-version":[{"id":14332,"href":"https:\/\/viasabadell.es\/ca\/wp-json\/wp\/v2\/pages\/14262\/revisions\/14332"}],"wp:attachment":[{"href":"https:\/\/viasabadell.es\/ca\/wp-json\/wp\/v2\/media?parent=14262"}],"curies":[{"name":"wp","href":"https:\/\/api.w.org\/{rel}","templated":true}]}}